{"id":528,"date":"2020-10-21T06:41:37","date_gmt":"2020-10-21T06:41:37","guid":{"rendered":"https:\/\/mrhandy.cymolthemes.com\/cleaning\/?page_id=528"},"modified":"2021-10-22T10:02:04","modified_gmt":"2021-10-22T10:02:04","slug":"onas","status":"publish","type":"page","link":"https:\/\/dzwig.net.pl\/index.php\/onas\/","title":{"rendered":"O NAS"},"content":{"rendered":"<p>[vc_row cmt_bgimagefixed=&#8221;&#8221; break_in_responsive=&#8221;991&#8243; full_width=&#8221;stretch_row&#8221; css=&#8221;.vc_custom_1606111532888{padding-top: 91px !important;padding-bottom: 83px !important;}&#8221; cmt_responsive_css=&#8221;79076369|colbreak_no|||||||||colbreak_no|||||50px||15px||colbreak_no||||||||||colbreak_no|||||||||&#8221;][vc_column reduce_extra_padding=&#8221;991&#8243; width=&#8221;1\/2&#8243; css=&#8221;.vc_custom_1604314613308{padding-right: 0px !important;padding-left: 0px !important;}&#8221;][vc_single_image image=&#8221;2095&#8243; img_size=&#8221;full&#8221; style=&#8221;vc_box_outline&#8221; css_animation=&#8221;none&#8221; css=&#8221;.vc_custom_1634642859044{margin-bottom: 0px !important;}&#8221;][\/vc_column][vc_column reduce_extra_padding=&#8221;991&#8243; width=&#8221;1\/2&#8243; css=&#8221;.vc_custom_1604657626545{padding-top: 26px !important;padding-left: 30px !important;}&#8221; cmt_responsive_css=&#8221;55193719|colbreak_no|||||||||colbreak_no|||||40px||||colbreak_no||||||||||colbreak_no|||||||||&#8221;]<div class=\"cmt-element-heading-wrapper cmt-sboxheading-inner cmt-sboxelement-align-left cmt-seperator-none cmt-sboxheading-style-vertical \"><section class=\"cmt-sboxvc_cta3-container\"><div class=\"cmt-vc_general cmt-sboxvc_cta3 cmt-sboxcta3-only cmt-sboxvc_cta3-style-classic cmt-sboxvc_cta3-shape-rounded cmt-sboxvc_cta3-align-left cmt-sboxvc_cta3-color-transparent cmt-sboxvc_cta3-icon-size-md cmt-sboxvc_cta3-actions-no cmt-sboxcta3-with-desc\"><div class=\"cmt-vc_cta3_content-container\"><div class=\"cmt-vc_cta3-content\"><header class=\"cmt-vc_cta3-content-header cmt-section-wrapper \"><div class=\"cmt-sboxvc_cta3-headers cmt-section-wrapper-cell\"><h2 class=\"cmt-custom-heading \" >Dzia\u0142amy na rynku od 1986 roku. Oferujemy wynajem d\u017awig\u00f3w i podno\u015bnik\u00f3w koszowych wraz z obs\u0142ug\u0105 operatorsk\u0105.<\/h2>\n<\/div><div class=\"heading-seperator\"><span><\/span><\/div><\/header><div class=\"cmt-sboxcta3-content-wrapper\"><p>Lata do\u015bwiadczenia i profesjonalizm pozwalaj\u0105 nam na zapewnienie Pa\u0144stwu najwy\u017cszej jako\u015bci us\u0142ug. Lubimy wyzwania, bo nie ma rzeczy niemo\u017cliwych, s\u0105 tylko takie na kt\u00f3re potrafimy znale\u017a\u0107 spos\u00f3b.<\/p><\/div><\/div><\/div><\/div><\/section><\/div> <!-- .cmt-element-heading-wrapper container --> [vc_row_inner][vc_column_inner]<ul class=\"cmt-list cmt-list-style-icon cmt-list-icon-color-black cmt-sbox cmt-sboxicon-black cmt-list-textsize- cmt-list-icon-library-themify\"><li><i class=\"cmt-black themifyicon ti-angle-double-right\"><\/i>  <span class=\"cmt-list-li-content\">BEZPIECZE\u0143STWO<\/span><\/li><li><i class=\"cmt-black themifyicon ti-angle-double-right\"><\/i>  <span class=\"cmt-list-li-content\">PROFESJONALIZM<\/span><\/li><li><i class=\"cmt-black themifyicon ti-angle-double-right\"><\/i>  <span class=\"cmt-list-li-content\">PRECYZJA<\/span><\/li><li><i class=\"cmt-black themifyicon ti-angle-double-right\"><\/i>  <span class=\"cmt-list-li-content\">JAKO\u015a\u0106<\/span><\/li><\/ul>[\/vc_column_inner][\/vc_row_inner][vc_row_inner el_class=&#8221;cmt-column-inline&#8221; css=&#8221;.vc_custom_1604560341618{padding-top: 23px !important;}&#8221;][vc_column_inner width=&#8221;1\/3&#8243;]<div class=\"cmt-vc_icon_element cmt-vc_icon_element-outer cmt-vc_icon_element-align-left  cmt-vc_icon_element-have-style\"><div class=\"cmt-vc_icon_element-inner  cmt-vc_icon_element-have-style-inner cmt-vc_icon_element-color-white cmt-vc_icon_element-size-md cmt-vc_icon_element-style-rounded-less cmt-vc_icon_element-background cmt-vc_icon_element-background-color-skincolor\" ><span class=\"cmt-vc_icon_element-icon fa fa-phone\" ><\/span><a class=\"cmt-vc_icon_element-link\" href=\"#\" title=\"\" target=\"_self\"><\/a><\/div><\/div>[\/vc_column_inner][vc_column_inner width=&#8221;1\/3&#8243; css=&#8221;.vc_custom_1606121185661{padding-top: 18px !important;padding-right: 0px !important;padding-left: 10px !important;}&#8221; cmt_responsive_css=&#8221;51421925|colbreak_no|||||||||colbreak_no|||||||||colbreak_no|||||||||384px|colbreak_no|||||5px||||&#8221;]<p style=\"text-align:left;\" class=\"cmt-custom-heading \" >Zadzwo\u0144:<\/p>\n[\/vc_column_inner][vc_column_inner width=&#8221;1\/3&#8243; css=&#8221;.vc_custom_1605091845225{padding-top: 18px !important;padding-left: 5px !important;}&#8221; cmt_responsive_css=&#8221;98378187|colbreak_no|||||||||colbreak_no|||||||||colbreak_no|||||||||384px|colbreak_no|-10px||||0px||||&#8221;]<h3 style=\"text-align:left;font-size:23px;line-height:27px;\" class=\"cmt-custom-heading \" >+48 604 608 858<\/h3>\n[\/vc_column_inner][\/vc_row_inner][\/vc_column][\/vc_row][vc_row cmt_bgcolor=&#8221;darkgrey&#8221; cmt_bgimage_position=&#8221;left_center&#8221; cmt_bgimagefixed=&#8221;&#8221; break_in_responsive=&#8221;991&#8243; full_width=&#8221;stretch_row&#8221; equal_height=&#8221;yes&#8221; css=&#8221;.vc_custom_1604657776345{padding-top: 0px !important;padding-bottom: 0px !important;background-image: url(https:\/\/mrhandy.cymolthemes.com\/cleaning\/wp-content\/uploads\/sites\/2\/2020\/11\/map-inner01.png?id=1114) !important;background-position: 0 0 !important;background-repeat: no-repeat !important;}&#8221;][vc_column width=&#8221;7\/12&#8243; css=&#8221;.vc_custom_1606111854368{padding-top: 81px !important;padding-bottom: 126px !important;}&#8221; cmt_responsive_css=&#8221;73077857|colbreak_no|||||||||colbreak_no|||||50px||40px||colbreak_no||||||||||colbreak_no|||||||||&#8221;]<div class=\"cmt-element-heading-wrapper cmt-sboxheading-inner cmt-sboxelement-align-left cmt-seperator-none cmt-sboxheading-style-vertical \"><section class=\"cmt-sboxvc_cta3-container\"><div class=\"cmt-vc_general cmt-sboxvc_cta3 cmt-sboxcta3-only cmt-sboxvc_cta3-style-classic cmt-sboxvc_cta3-shape-rounded cmt-sboxvc_cta3-align-left cmt-sboxvc_cta3-color-transparent cmt-sboxvc_cta3-icon-size-md cmt-sboxvc_cta3-actions-no cmt-sboxcta3-with-desc\"><div class=\"cmt-vc_cta3_content-container\"><div class=\"cmt-vc_cta3-content\"><header class=\"cmt-vc_cta3-content-header cmt-section-wrapper \"><div class=\"cmt-sboxvc_cta3-headers cmt-section-wrapper-cell\"><h2 class=\"cmt-custom-heading \" >Realizacja Twoich projekt\u00f3w to nasz priorytet.<\/h2>\n<\/div><div class=\"heading-seperator\"><span><\/span><\/div><\/header><div class=\"cmt-sboxcta3-content-wrapper\"><p>Dok\u0142adamy wszelkich stara\u0144, aby komunikacja oraz realizacja Twojego projektu przebieg\u0142a sprawnie i zgodnie z planem. Przy ka\u017cdym projekcie nasza wykwalifikowana kadra in\u017cynier\u00f3w s\u0142u\u017cy rad\u0105 i zakresu doboru odpowiedniego sprz\u0119tu, logistyki i plan\u00f3w zwi\u0105zanym z pracami w terenie. Spe\u0142niamy najbardziej wymagaj\u0105ce oczekiwania i najci\u0119\u017csze wyzwania.<\/p><\/div><\/div><\/div><\/div><\/section><\/div> <!-- .cmt-element-heading-wrapper container --> [vc_row_inner css=&#8221;.vc_custom_1606207628727{padding-top: 20px !important;}&#8221; el_class=&#8221;cmt-column-not-break-767&#8243;][vc_column_inner width=&#8221;1\/3&#8243;]<div class=\"cymolthemes-iconbox cymolthemes-iconbox-styleseven \">\n\t<div class=\"cymolthemes-iconbox-inner\">\n\t\t<div class=\"cmt-iconbox-wrapper\">\n\t\t\t<div class=\"cymolthemes-iconbox-icon\">\n\t\t\t\n\t\t\t\t<div class=\"cmt-box-icon\"><i class=\"cmt_mrhandy flaticon-phone-call\"><\/i><\/div>\t\t\t\t\n\t\t\t<\/div>\n\t\t\t<div class=\"cymolthemes-iconbox-number\"><div class=\"cmt-box-number\">01<\/div><\/div>\n\t\t\t<div class=\"cymolthemes-iconbox-heading\">\n\t\t\t\t<div class=\"cmt-vc_general cmt-sboxvc_cta3 cmt-sboxcta3-only cmt-sboxvc_cta3-style-classic cmt-sboxvc_cta3-shape-rounded cmt-sboxvc_cta3-align-left cmt-sboxvc_cta3-color-transparent cmt-sboxvc_cta3-icon-size-md cmt-sboxvc_cta3-actions-no cmt-sboxcta3-without-desc\"><div class=\"cmt-vc_cta3_content-container\"><div class=\"cmt-vc_cta3-content\"><div class=\"cmt-sboxvc_cta3-headers cmt-section-wrapper-cell\"><h2 class=\"cmt-custom-heading \">Zadzwo\u0144<\/h2>\n<\/div><div class=\"heading-seperator\"><span><\/span><\/div><\/div><\/div><\/div>\t\t\t\t<div class=\"cmt-cta3-content-wrapper\">Powiadom nas o swoim projekcie; opisz wymagania oraz termin realizacji.<\/div>\t\t\t\t\t\t\t<\/div>\t\n\t\t<\/div>\n\t<\/div>\t\n<\/div>\n[\/vc_column_inner][vc_column_inner width=&#8221;1\/3&#8243; cmt_responsive_css=&#8221;43053988|colbreak_no|||||||||colbreak_no|||||||||colbreak_no|||||15px||15px|||colbreak_no|||||||||&#8221;]<div class=\"cymolthemes-iconbox cymolthemes-iconbox-styleseven \">\n\t<div class=\"cymolthemes-iconbox-inner\">\n\t\t<div class=\"cmt-iconbox-wrapper\">\n\t\t\t<div class=\"cymolthemes-iconbox-icon\">\n\t\t\t\n\t\t\t\t<div class=\"cmt-box-icon\"><i class=\"cmt_mrhandy flaticon-placeholder\"><\/i><\/div>\t\t\t\t\n\t\t\t<\/div>\n\t\t\t<div class=\"cymolthemes-iconbox-number\"><div class=\"cmt-box-number\">02<\/div><\/div>\n\t\t\t<div class=\"cymolthemes-iconbox-heading\">\n\t\t\t\t<div class=\"cmt-vc_general cmt-sboxvc_cta3 cmt-sboxcta3-only cmt-sboxvc_cta3-style-classic cmt-sboxvc_cta3-shape-rounded cmt-sboxvc_cta3-align-left cmt-sboxvc_cta3-color-transparent cmt-sboxvc_cta3-icon-size-md cmt-sboxvc_cta3-actions-no cmt-sboxcta3-without-desc\"><div class=\"cmt-vc_cta3_content-container\"><div class=\"cmt-vc_cta3-content\"><div class=\"cmt-sboxvc_cta3-headers cmt-section-wrapper-cell\"><h2 class=\"cmt-custom-heading \">Wizja lokalna i oferta<\/h2>\n<\/div><div class=\"heading-seperator\"><span><\/span><\/div><\/div><\/div><\/div>\t\t\t\t<div class=\"cmt-cta3-content-wrapper\">Spotkamy si\u0119 i wska\u017cemy najlepsz\u0105 maszyn\u0119 oraz spos\u00f3b realizacji zadania.<\/div>\t\t\t\t\t\t\t<\/div>\t\n\t\t<\/div>\n\t<\/div>\t\n<\/div>\n[\/vc_column_inner][vc_column_inner width=&#8221;1\/3&#8243;]<div class=\"cymolthemes-iconbox cymolthemes-iconbox-styleseven \">\n\t<div class=\"cymolthemes-iconbox-inner\">\n\t\t<div class=\"cmt-iconbox-wrapper\">\n\t\t\t<div class=\"cymolthemes-iconbox-icon\">\n\t\t\t\n\t\t\t\t<div class=\"cmt-box-icon\"><i class=\"cmt_mrhandy flaticon-launch\"><\/i><\/div>\t\t\t\t\n\t\t\t<\/div>\n\t\t\t<div class=\"cymolthemes-iconbox-number\"><div class=\"cmt-box-number\">03<\/div><\/div>\n\t\t\t<div class=\"cymolthemes-iconbox-heading\">\n\t\t\t\t<div class=\"cmt-vc_general cmt-sboxvc_cta3 cmt-sboxcta3-only cmt-sboxvc_cta3-style-classic cmt-sboxvc_cta3-shape-rounded cmt-sboxvc_cta3-align-left cmt-sboxvc_cta3-color-transparent cmt-sboxvc_cta3-icon-size-md cmt-sboxvc_cta3-actions-no cmt-sboxcta3-without-desc\"><div class=\"cmt-vc_cta3_content-container\"><div class=\"cmt-vc_cta3-content\"><div class=\"cmt-sboxvc_cta3-headers cmt-section-wrapper-cell\"><h2 class=\"cmt-custom-heading \">Wykonanie zadania<\/h2>\n<\/div><div class=\"heading-seperator\"><span><\/span><\/div><\/div><\/div><\/div>\t\t\t\t<div class=\"cmt-cta3-content-wrapper\">Zgodnie z wytycznymi szybko i precyzyjnie zrealizujemy zlecone zadanie.<\/div>\t\t\t\t\t\t\t<\/div>\t\n\t\t<\/div>\n\t<\/div>\t\n<\/div>\n[\/vc_column_inner][\/vc_row_inner][\/vc_column][vc_column width=&#8221;5\/12&#8243; css=&#8221;.vc_custom_1634643943545{margin-right: 15px !important;margin-left: 15px !important;background-image: url(https:\/\/dzwig.net.pl\/wp-content\/uploads\/2021\/10\/06062009428..kl_dzwig_nowysacz_krynica_wynajemdzwigow_zwyzka_zurawsamochodowy_kazimierzjanowski_dzwigamy_malopolska_operator_podnosnikikoszowe.jpg?id=2127) !important;background-position: center !important;background-repeat: no-repeat !important;background-size: cover !important;}&#8221; cmt_responsive_css=&#8221;25748663|colbreak_no|||||||||colbreak_no||0px||0px|||||colbreak_no||||||||||colbreak_no|||||||||&#8221;][vc_empty_space height=&#8221;624px&#8221;][vc_row_inner el_class=&#8221;cmt-bgcolor-skincolor&#8221; css=&#8221;.vc_custom_1603282502061{padding-top: 15px !important;}&#8221;][vc_column_inner]<h4 style=\"text-align:center;\" class=\"cmt-custom-heading \" >35 lat do\u015bwiadczenia<\/h4>\n[\/vc_column_inner][\/vc_row_inner][\/vc_column][\/vc_row]<\/p>\n","protected":false},"excerpt":{"rendered":"<p>[vc_row cmt_bgimagefixed=&#8221;&#8221; break_in_responsive=&#8221;991&#8243; full_width=&#8221;stretch_row&#8221; css=&#8221;.vc_custom_1606111532888{padding-top: 91px !important;padding-bottom: 83px !important;}&#8221; cmt_responsive_css=&#8221;79076369|colbreak_no|||||||||colbreak_no|||||50px||15px||colbreak_no||||||||||colbreak_no|||||||||&#8221;][vc_column reduce_extra_padding=&#8221;991&#8243; width=&#8221;1\/2&#8243; css=&#8221;.vc_custom_1604314613308{padding-right: 0px !important;padding-left: 0px !important;}&#8221;][vc_single_image image=&#8221;2095&#8243; img_size=&#8221;full&#8221; style=&#8221;vc_box_outline&#8221; css_animation=&#8221;none&#8221; css=&#8221;.vc_custom_1634642859044{margin-bottom: 0px !important;}&#8221;][\/vc_column][vc_column reduce_extra_padding=&#8221;991&#8243; width=&#8221;1\/2&#8243; css=&#8221;.vc_custom_1604657626545{padding-top: 26px !important;padding-left: 30px !important;}&#8221; cmt_responsive_css=&#8221;55193719|colbreak_no|||||||||colbreak_no|||||40px||||colbreak_no||||||||||colbreak_no|||||||||&#8221;][vc_row_inner][vc_column_inner][\/vc_column_inner][\/vc_row_inner][vc_row_inner el_class=&#8221;cmt-column-inline&#8221; css=&#8221;.vc_custom_1604560341618{padding-top: 23px !important;}&#8221;][vc_column_inner width=&#8221;1\/3&#8243;][\/vc_column_inner][vc_column_inner width=&#8221;1\/3&#8243; css=&#8221;.vc_custom_1606121185661{padding-top: 18px !important;padding-right: 0px !important;padding-left: 10px !important;}&#8221; cmt_responsive_css=&#8221;51421925|colbreak_no|||||||||colbreak_no|||||||||colbreak_no|||||||||384px|colbreak_no|||||5px||||&#8221;][\/vc_column_inner][vc_column_inner width=&#8221;1\/3&#8243; css=&#8221;.vc_custom_1605091845225{padding-top: 18px !important;padding-left: 5px !important;}&#8221; cmt_responsive_css=&#8221;98378187|colbreak_no|||||||||colbreak_no|||||||||colbreak_no|||||||||384px|colbreak_no|-10px||||0px||||&#8221;][\/vc_column_inner][\/vc_row_inner][\/vc_column][\/vc_row][vc_row cmt_bgcolor=&#8221;darkgrey&#8221; cmt_bgimage_position=&#8221;left_center&#8221; &hellip; <a href=\"https:\/\/dzwig.net.pl\/index.php\/onas\/\" class=\"more-link\">Continue reading <span class=\"screen-reader-text\">O NAS<\/span><\/a><\/p>\n","protected":false},"author":1,"featured_media":0,"parent":0,"menu_order":0,"comment_status":"closed","ping_status":"closed","template":"","meta":{"footnotes":""},"class_list":["post-528","page","type-page","status-publish","hentry"],"_links":{"self":[{"href":"https:\/\/dzwig.net.pl\/index.php\/wp-json\/wp\/v2\/pages\/528","targetHints":{"allow":["GET"]}}],"collection":[{"href":"https:\/\/dzwig.net.pl\/index.php\/wp-json\/wp\/v2\/pages"}],"about":[{"href":"https:\/\/dzwig.net.pl\/index.php\/wp-json\/wp\/v2\/types\/page"}],"author":[{"embeddable":true,"href":"https:\/\/dzwig.net.pl\/index.php\/wp-json\/wp\/v2\/users\/1"}],"replies":[{"embeddable":true,"href":"https:\/\/dzwig.net.pl\/index.php\/wp-json\/wp\/v2\/comments?post=528"}],"version-history":[{"count":15,"href":"https:\/\/dzwig.net.pl\/index.php\/wp-json\/wp\/v2\/pages\/528\/revisions"}],"predecessor-version":[{"id":2322,"href":"https:\/\/dzwig.net.pl\/index.php\/wp-json\/wp\/v2\/pages\/528\/revisions\/2322"}],"wp:attachment":[{"href":"https:\/\/dzwig.net.pl\/index.php\/wp-json\/wp\/v2\/media?parent=528"}],"curies":[{"name":"wp","href":"https:\/\/api.w.org\/{rel}","templated":true}]}}